{"id":91,"date":"2014-06-20T15:10:04","date_gmt":"2014-06-20T13:10:04","guid":{"rendered":"http:\/\/blog.rydl.de\/?page_id=91"},"modified":"2014-06-20T15:33:03","modified_gmt":"2014-06-20T13:33:03","slug":"ueber-den-autor","status":"publish","type":"page","link":"http:\/\/blog.rydl.de\/?page_id=91","title":{"rendered":"\u00dcber den Autor"},"content":{"rendered":"<p><strong>Vladimir Rydl<\/strong><br \/>\n<strong><span class=\"Apple-style-span\" style=\"color: #333333;\">Wissenschaftsjournalist<\/span><\/strong><\/p>\n<p><a href=\"http:\/\/blog.rydl.de\/wp-content\/uploads\/2014\/04\/VR_pp.jpg\"><img loading=\"lazy\" decoding=\"async\" class=\"wp-image-21 alignleft\" alt=\"Vladimir Rydl\" src=\"http:\/\/blog.rydl.de\/wp-content\/uploads\/2014\/04\/VR_pp.jpg\" width=\"193\" height=\"283\" srcset=\"http:\/\/blog.rydl.de\/wp-content\/uploads\/2014\/04\/VR_pp.jpg 1075w, http:\/\/blog.rydl.de\/wp-content\/uploads\/2014\/04\/VR_pp-205x300.jpg 205w, http:\/\/blog.rydl.de\/wp-content\/uploads\/2014\/04\/VR_pp-700x1024.jpg 700w\" sizes=\"auto, (max-width: 193px) 100vw, 193px\" \/><\/a><\/p>\n<p>Meine ersten journalistischen Sporen verdiente ich mir als Autor und Realisator in der WDR-Sendung \u201eHobbythek\u201c von Jean P\u00fctz. War dort ebenfalls Co-Autor verschiedener Sachb\u00fccher. Seitdem arbeite ich als freier Wissenschafts-Journalist vorwiegend f\u00fcr den \u00f6ffentlich-rechtlichen Rundfunk. \u00dcberwiegend f\u00fcr das Fernsehen und damit verbundener Internet-Formate. Radiobeitr\u00e4ge runden meine journalistische T\u00e4tigkeit ab.<\/p>\n<p>Verwurzelt in den Naturwissenschaften und angrenzenden Geisteswissenschaften, erweitert sich mein Portfolio in den letzten Jahren auch auf wirtschaftliche Fragestellungen. \u00dcber den journalistischen Rahmen hinaus auch in Richtung kommerzieller Medien-, Kommunikations- und Marketingberatung.<\/p>\n<p><em><span style=\"color: #808080;\">ARD, ZDF, arte, 3Sat, WDR, SWR, BR, NDR, HR &#8211; W wie Wissen, Quarks &amp; Co, Monitor, nano, X:enius, Planet Wissen, Profit, Morgenmagazin, ServiceZeit, Hobbythek, Globus &#8211; Forschung und Technik, Q21, Hallo \u00dc-Wagen &#8230;<\/span><\/em><\/p>\n<p>&nbsp;<\/p>\n<p>&nbsp;<\/p>\n","protected":false},"excerpt":{"rendered":"<p>Vladimir Rydl Wissenschaftsjournalist Meine ersten journalistischen Sporen verdiente ich mir als Autor und Realisator in der WDR-Sendung \u201eHobbythek\u201c von Jean P\u00fctz. War dort ebenfalls Co-Autor verschiedener Sachb\u00fccher. Seitdem arbeite ich als freier Wissenschafts-Journalist vorwiegend f\u00fcr den \u00f6ffentlich-rechtlichen Rundfunk. \u00dcberwiegend f\u00fcr das Fernsehen und damit verbundener Internet-Formate. Radiobeitr\u00e4ge runden meine journalistische T\u00e4tigkeit ab. Verwurzelt in den Naturwissenschaften und angrenzenden Geisteswissenschaften, erweitert <a class=\"more-link\" href=\"http:\/\/blog.rydl.de\/?page_id=91\">mehr&#8230;<\/a><\/p>\n","protected":false},"author":1,"featured_media":0,"parent":0,"menu_order":0,"comment_status":"closed","ping_status":"open","template":"","meta":{"footnotes":""},"class_list":["post-91","page","type-page","status-publish","hentry"],"jetpack_sharing_enabled":true,"_links":{"self":[{"href":"http:\/\/blog.rydl.de\/index.php?rest_route=\/wp\/v2\/pages\/91","targetHints":{"allow":["GET"]}}],"collection":[{"href":"http:\/\/blog.rydl.de\/index.php?rest_route=\/wp\/v2\/pages"}],"about":[{"href":"http:\/\/blog.rydl.de\/index.php?rest_route=\/wp\/v2\/types\/page"}],"author":[{"embeddable":true,"href":"http:\/\/blog.rydl.de\/index.php?rest_route=\/wp\/v2\/users\/1"}],"replies":[{"embeddable":true,"href":"http:\/\/blog.rydl.de\/index.php?rest_route=%2Fwp%2Fv2%2Fcomments&post=91"}],"version-history":[{"count":9,"href":"http:\/\/blog.rydl.de\/index.php?rest_route=\/wp\/v2\/pages\/91\/revisions"}],"predecessor-version":[{"id":198,"href":"http:\/\/blog.rydl.de\/index.php?rest_route=\/wp\/v2\/pages\/91\/revisions\/198"}],"wp:attachment":[{"href":"http:\/\/blog.rydl.de\/index.php?rest_route=%2Fwp%2Fv2%2Fmedia&parent=91"}],"curies":[{"name":"wp","href":"https:\/\/api.w.org\/{rel}","templated":true}]}}